{"id":26,"date":"2026-02-13T16:59:35","date_gmt":"2026-02-13T16:59:35","guid":{"rendered":"http:\/\/www.cumhuriyetanahtar.com.tr\/?page_id=26"},"modified":"2026-02-13T17:04:05","modified_gmt":"2026-02-13T17:04:05","slug":"hakkimizda","status":"publish","type":"page","link":"https:\/\/www.cumhuriyetanahtar.com.tr\/?page_id=26","title":{"rendered":"HAKKIMIZDA"},"content":{"rendered":"\n<h3 class=\"wp-block-heading\"><strong>7\/24 GSM : 0540 336 04 52<\/strong><\/h3>\n\n\n\n<p>Ordu ve T\u00fcm B\u00f6lgelerine oto anahtar firmam\u0131z\u0131n sa\u011flad\u0131\u011f\u0131 servisler ile Art\u0131k hizmet alman\u0131z \u00e7ok kolay yapman\u0131z gereken tek \u015fey telefon ile irtibata ge\u00e7ip Bulundu\u011funuz adresi vermenizden sonra yakla\u015f\u0131k 10 ila maksimum 15 dakika yan\u0131n\u0131zda olan oto anahtar \u00e7ilingir firmam\u0131z\u0131 G\u00fcn\u00fcn 24 saati \u0130stedi\u011finiz zaman arayabilirsiniz. oto anahtar yayg\u0131n servis a\u011f\u0131 ile Ordu b\u00f6lgesinden istenildi\u011finde en h\u0131zl\u0131 cevab\u0131 verecek firmalar\u0131n en ba\u015f\u0131nda gelmekteyiz. Servis imkan\u0131 olarak oto anahtar olarak alaca\u011f\u0131n\u0131z en yak\u0131n firmay\u0131z.<\/p>\n\n\n\n<p><strong>Firmam\u0131z \u00e7elik kap\u0131lar\u0131n\u0131zdaki \u015fu gibi sorunlarda da sizlere hizmet sunmaktad\u0131r:<\/strong><\/p>\n\n\n\n<ul class=\"wp-block-list\">\n<li>Kap\u0131 kilidinin bozulmas\u0131,<\/li>\n\n\n\n<li>Anahtar\u0131n kilit i\u00e7erisinde k\u0131r\u0131lmas\u0131,<\/li>\n\n\n\n<li>\u00c7elik kap\u0131n\u0131za levye savar montaj\u0131 yap\u0131lmas\u0131,<\/li>\n\n\n\n<li>\u00c7elik kap\u0131n\u0131n d\u00fc\u015fmesi,<\/li>\n\n\n\n<li>\u00c7elik kap\u0131 ve kilit ayarlar\u0131,<\/li>\n\n\n\n<li>Kap\u0131n\u0131z\u0131n \u00e7elik profiller kullan\u0131lmak suretiyle g\u00fc\u00e7lendirilmesi<\/li>\n\n\n\n<li>Kap\u0131n\u0131z\u0131n y\u0131ll\u0131k bak\u0131mlar\u0131n\u0131n ve ayarlar\u0131n\u0131n yap\u0131lmas\u0131<\/li>\n\n\n\n<li>Kap\u0131n\u0131z\u0131n kilit g\u00f6be\u011fi de\u011fi\u015fimi,<\/li>\n\n\n\n<li>Kap\u0131 alarm\u0131 sat\u0131\u015f\u0131 ve montaj\u0131,<\/li>\n\n\n\n<li>Kap\u0131lar\u0131n\u0131za emniyet kilidi sat\u0131\u015f\u0131 ve montaj\u0131,<\/li>\n\n\n\n<li>\u00c7elik kap\u0131lar\u0131n daha g\u00fcvenilir bir hale getirilmesi<\/li>\n\n\n\n<li><\/li>\n<\/ul>\n","protected":false},"excerpt":{"rendered":"<p>7\/24 GSM : 0540 336 04 52 Ordu ve T\u00fcm B\u00f6lgelerine oto anahtar firmam\u0131z\u0131n sa\u011flad\u0131\u011f\u0131 servisler ile Art\u0131k hizmet alman\u0131z \u00e7ok kolay yapman\u0131z gereken tek \u015fey telefon ile irtibata ge\u00e7ip&hellip;<\/p>\n","protected":false},"author":1,"featured_media":0,"parent":0,"menu_order":0,"comment_status":"closed","ping_status":"closed","template":"","meta":{"footnotes":""},"class_list":["post-26","page","type-page","status-publish","hentry"],"_links":{"self":[{"href":"https:\/\/www.cumhuriyetanahtar.com.tr\/index.php?rest_route=\/wp\/v2\/pages\/26","targetHints":{"allow":["GET"]}}],"collection":[{"href":"https:\/\/www.cumhuriyetanahtar.com.tr\/index.php?rest_route=\/wp\/v2\/pages"}],"about":[{"href":"https:\/\/www.cumhuriyetanahtar.com.tr\/index.php?rest_route=\/wp\/v2\/types\/page"}],"author":[{"embeddable":true,"href":"https:\/\/www.cumhuriyetanahtar.com.tr\/index.php?rest_route=\/wp\/v2\/users\/1"}],"replies":[{"embeddable":true,"href":"https:\/\/www.cumhuriyetanahtar.com.tr\/index.php?rest_route=%2Fwp%2Fv2%2Fcomments&post=26"}],"version-history":[{"count":2,"href":"https:\/\/www.cumhuriyetanahtar.com.tr\/index.php?rest_route=\/wp\/v2\/pages\/26\/revisions"}],"predecessor-version":[{"id":45,"href":"https:\/\/www.cumhuriyetanahtar.com.tr\/index.php?rest_route=\/wp\/v2\/pages\/26\/revisions\/45"}],"wp:attachment":[{"href":"https:\/\/www.cumhuriyetanahtar.com.tr\/index.php?rest_route=%2Fwp%2Fv2%2Fmedia&parent=26"}],"curies":[{"name":"wp","href":"https:\/\/api.w.org\/{rel}","templated":true}]}}